{"id":7397,"date":"2025-02-05T04:48:26","date_gmt":"2025-02-05T04:48:26","guid":{"rendered":"https:\/\/translationary.com\/audio-transcription\/"},"modified":"2025-10-21T09:27:07","modified_gmt":"2025-10-21T09:27:07","slug":"audio-transcription","status":"publish","type":"page","link":"https:\/\/www.translationary.com\/es\/services\/transcription\/audio-transcription\/","title":{"rendered":"Transcripci\u00f3n de audio"},"content":{"rendered":"","protected":false},"excerpt":{"rendered":"<p>La transcripci\u00f3n de audio consiste en convertir el lenguaje hablado de las grabaciones de audio en texto escrito preciso. Escuchando minuciosamente, los transcriptores capturan cada detalle para facilitar la menci\u00f3n y el intercambio de informaci\u00f3n importante. Este proceso mejora la comprensi\u00f3n y la accesibilidad, lo que ayuda a las organizaciones a utilizar su contenido de manera eficaz.<\/p>\n","protected":false},"author":5,"featured_media":4769,"parent":7399,"menu_order":2,"comment_status":"closed","ping_status":"closed","template":"","meta":{"_acf_changed":false,"footnotes":""},"class_list":["post-7397","page","type-page","status-publish","has-post-thumbnail","hentry"],"acf":[],"yoast_head":"<!-- This site is optimized with the Yoast SEO plugin v27.3 - https:\/\/yoast.com\/product\/yoast-seo-wordpress\/ -->\n<title>Transcripci\u00f3n de audio - Translationary<\/title>\n<meta name=\"robots\" content=\"index, follow, max-snippet:-1, max-image-preview:large, max-video-preview:-1\" \/>\n<link rel=\"canonical\" href=\"https:\/\/www.translationary.com\/es\/services\/transcription\/audio-transcription\/\" \/>\n<meta property=\"og:locale\" content=\"es_ES\" \/>\n<meta property=\"og:type\" content=\"article\" \/>\n<meta property=\"og:title\" content=\"Transcripci\u00f3n de audio - Translationary\" \/>\n<meta property=\"og:description\" content=\"La transcripci\u00f3n de audio consiste en convertir el lenguaje hablado de las grabaciones de audio en texto escrito preciso. Escuchando minuciosamente, los transcriptores capturan cada detalle para facilitar la menci\u00f3n y el intercambio de informaci\u00f3n importante. Este proceso mejora la comprensi\u00f3n y la accesibilidad, lo que ayuda a las organizaciones a utilizar su contenido de manera eficaz.\" \/>\n<meta property=\"og:url\" content=\"https:\/\/www.translationary.com\/es\/services\/transcription\/audio-transcription\/\" \/>\n<meta property=\"og:site_name\" content=\"Translationary\" \/>\n<meta property=\"article:modified_time\" content=\"2025-10-21T09:27:07+00:00\" \/>\n<meta property=\"og:image\" content=\"https:\/\/www.translationary.com\/wp-content\/uploads\/2025\/02\/Audio-Transcription.jpg\" \/>\n\t<meta property=\"og:image:width\" content=\"1328\" \/>\n\t<meta property=\"og:image:height\" content=\"668\" \/>\n\t<meta property=\"og:image:type\" content=\"image\/jpeg\" \/>\n<meta name=\"twitter:card\" content=\"summary_large_image\" \/>\n<meta name=\"twitter:label1\" content=\"Tiempo de lectura\" \/>\n\t<meta name=\"twitter:data1\" content=\"6 minutos\" \/>\n<script type=\"application\/ld+json\" class=\"yoast-schema-graph\">{\"@context\":\"https:\\\/\\\/schema.org\",\"@graph\":[{\"@type\":\"WebPage\",\"@id\":\"https:\\\/\\\/www.translationary.com\\\/es\\\/services\\\/transcription\\\/audio-transcription\\\/\",\"url\":\"https:\\\/\\\/www.translationary.com\\\/es\\\/services\\\/transcription\\\/audio-transcription\\\/\",\"name\":\"Transcripci\u00f3n de audio - Translationary\",\"isPartOf\":{\"@id\":\"https:\\\/\\\/www.translationary.com\\\/#website\"},\"primaryImageOfPage\":{\"@id\":\"https:\\\/\\\/www.translationary.com\\\/es\\\/services\\\/transcription\\\/audio-transcription\\\/#primaryimage\"},\"image\":{\"@id\":\"https:\\\/\\\/www.translationary.com\\\/es\\\/services\\\/transcription\\\/audio-transcription\\\/#primaryimage\"},\"thumbnailUrl\":\"https:\\\/\\\/www.translationary.com\\\/wp-content\\\/uploads\\\/2025\\\/02\\\/Audio-Transcription.jpg\",\"datePublished\":\"2025-02-05T04:48:26+00:00\",\"dateModified\":\"2025-10-21T09:27:07+00:00\",\"breadcrumb\":{\"@id\":\"https:\\\/\\\/www.translationary.com\\\/es\\\/services\\\/transcription\\\/audio-transcription\\\/#breadcrumb\"},\"inLanguage\":\"es\",\"potentialAction\":[{\"@type\":\"ReadAction\",\"target\":[\"https:\\\/\\\/www.translationary.com\\\/es\\\/services\\\/transcription\\\/audio-transcription\\\/\"]}]},{\"@type\":\"ImageObject\",\"inLanguage\":\"es\",\"@id\":\"https:\\\/\\\/www.translationary.com\\\/es\\\/services\\\/transcription\\\/audio-transcription\\\/#primaryimage\",\"url\":\"https:\\\/\\\/www.translationary.com\\\/wp-content\\\/uploads\\\/2025\\\/02\\\/Audio-Transcription.jpg\",\"contentUrl\":\"https:\\\/\\\/www.translationary.com\\\/wp-content\\\/uploads\\\/2025\\\/02\\\/Audio-Transcription.jpg\",\"width\":1328,\"height\":668},{\"@type\":\"BreadcrumbList\",\"@id\":\"https:\\\/\\\/www.translationary.com\\\/es\\\/services\\\/transcription\\\/audio-transcription\\\/#breadcrumb\",\"itemListElement\":[{\"@type\":\"ListItem\",\"position\":1,\"name\":\"Home\",\"item\":\"https:\\\/\\\/www.translationary.com\\\/es\\\/\"},{\"@type\":\"ListItem\",\"position\":2,\"name\":\"Servicios\",\"item\":\"https:\\\/\\\/www.translationary.com\\\/es\\\/services\\\/\"},{\"@type\":\"ListItem\",\"position\":3,\"name\":\"Transcripci\u00f3n\",\"item\":\"https:\\\/\\\/www.translationary.com\\\/es\\\/services\\\/transcription\\\/\"},{\"@type\":\"ListItem\",\"position\":4,\"name\":\"Transcripci\u00f3n de audio\"}]},{\"@type\":\"WebSite\",\"@id\":\"https:\\\/\\\/www.translationary.com\\\/#website\",\"url\":\"https:\\\/\\\/www.translationary.com\\\/\",\"name\":\"Translationary\",\"description\":\"\",\"potentialAction\":[{\"@type\":\"SearchAction\",\"target\":{\"@type\":\"EntryPoint\",\"urlTemplate\":\"https:\\\/\\\/www.translationary.com\\\/?s={search_term_string}\"},\"query-input\":{\"@type\":\"PropertyValueSpecification\",\"valueRequired\":true,\"valueName\":\"search_term_string\"}}],\"inLanguage\":\"es\"}]}<\/script>\n<!-- \/ Yoast SEO plugin. -->","yoast_head_json":{"title":"Transcripci\u00f3n de audio - Translationary","robots":{"index":"index","follow":"follow","max-snippet":"max-snippet:-1","max-image-preview":"max-image-preview:large","max-video-preview":"max-video-preview:-1"},"canonical":"https:\/\/www.translationary.com\/es\/services\/transcription\/audio-transcription\/","og_locale":"es_ES","og_type":"article","og_title":"Transcripci\u00f3n de audio - Translationary","og_description":"La transcripci\u00f3n de audio consiste en convertir el lenguaje hablado de las grabaciones de audio en texto escrito preciso. Escuchando minuciosamente, los transcriptores capturan cada detalle para facilitar la menci\u00f3n y el intercambio de informaci\u00f3n importante. Este proceso mejora la comprensi\u00f3n y la accesibilidad, lo que ayuda a las organizaciones a utilizar su contenido de manera eficaz.","og_url":"https:\/\/www.translationary.com\/es\/services\/transcription\/audio-transcription\/","og_site_name":"Translationary","article_modified_time":"2025-10-21T09:27:07+00:00","og_image":[{"width":1328,"height":668,"url":"https:\/\/www.translationary.com\/wp-content\/uploads\/2025\/02\/Audio-Transcription.jpg","type":"image\/jpeg"}],"twitter_card":"summary_large_image","twitter_misc":{"Tiempo de lectura":"6 minutos"},"schema":{"@context":"https:\/\/schema.org","@graph":[{"@type":"WebPage","@id":"https:\/\/www.translationary.com\/es\/services\/transcription\/audio-transcription\/","url":"https:\/\/www.translationary.com\/es\/services\/transcription\/audio-transcription\/","name":"Transcripci\u00f3n de audio - Translationary","isPartOf":{"@id":"https:\/\/www.translationary.com\/#website"},"primaryImageOfPage":{"@id":"https:\/\/www.translationary.com\/es\/services\/transcription\/audio-transcription\/#primaryimage"},"image":{"@id":"https:\/\/www.translationary.com\/es\/services\/transcription\/audio-transcription\/#primaryimage"},"thumbnailUrl":"https:\/\/www.translationary.com\/wp-content\/uploads\/2025\/02\/Audio-Transcription.jpg","datePublished":"2025-02-05T04:48:26+00:00","dateModified":"2025-10-21T09:27:07+00:00","breadcrumb":{"@id":"https:\/\/www.translationary.com\/es\/services\/transcription\/audio-transcription\/#breadcrumb"},"inLanguage":"es","potentialAction":[{"@type":"ReadAction","target":["https:\/\/www.translationary.com\/es\/services\/transcription\/audio-transcription\/"]}]},{"@type":"ImageObject","inLanguage":"es","@id":"https:\/\/www.translationary.com\/es\/services\/transcription\/audio-transcription\/#primaryimage","url":"https:\/\/www.translationary.com\/wp-content\/uploads\/2025\/02\/Audio-Transcription.jpg","contentUrl":"https:\/\/www.translationary.com\/wp-content\/uploads\/2025\/02\/Audio-Transcription.jpg","width":1328,"height":668},{"@type":"BreadcrumbList","@id":"https:\/\/www.translationary.com\/es\/services\/transcription\/audio-transcription\/#breadcrumb","itemListElement":[{"@type":"ListItem","position":1,"name":"Home","item":"https:\/\/www.translationary.com\/es\/"},{"@type":"ListItem","position":2,"name":"Servicios","item":"https:\/\/www.translationary.com\/es\/services\/"},{"@type":"ListItem","position":3,"name":"Transcripci\u00f3n","item":"https:\/\/www.translationary.com\/es\/services\/transcription\/"},{"@type":"ListItem","position":4,"name":"Transcripci\u00f3n de audio"}]},{"@type":"WebSite","@id":"https:\/\/www.translationary.com\/#website","url":"https:\/\/www.translationary.com\/","name":"Translationary","description":"","potentialAction":[{"@type":"SearchAction","target":{"@type":"EntryPoint","urlTemplate":"https:\/\/www.translationary.com\/?s={search_term_string}"},"query-input":{"@type":"PropertyValueSpecification","valueRequired":true,"valueName":"search_term_string"}}],"inLanguage":"es"}]}},"_links":{"self":[{"href":"https:\/\/www.translationary.com\/es\/wp-json\/wp\/v2\/pages\/7397","targetHints":{"allow":["GET"]}}],"collection":[{"href":"https:\/\/www.translationary.com\/es\/wp-json\/wp\/v2\/pages"}],"about":[{"href":"https:\/\/www.translationary.com\/es\/wp-json\/wp\/v2\/types\/page"}],"author":[{"embeddable":true,"href":"https:\/\/www.translationary.com\/es\/wp-json\/wp\/v2\/users\/5"}],"replies":[{"embeddable":true,"href":"https:\/\/www.translationary.com\/es\/wp-json\/wp\/v2\/comments?post=7397"}],"version-history":[{"count":50,"href":"https:\/\/www.translationary.com\/es\/wp-json\/wp\/v2\/pages\/7397\/revisions"}],"predecessor-version":[{"id":13048,"href":"https:\/\/www.translationary.com\/es\/wp-json\/wp\/v2\/pages\/7397\/revisions\/13048"}],"up":[{"embeddable":true,"href":"https:\/\/www.translationary.com\/es\/wp-json\/wp\/v2\/pages\/7399"}],"wp:featuredmedia":[{"embeddable":true,"href":"https:\/\/www.translationary.com\/es\/wp-json\/wp\/v2\/media\/4769"}],"wp:attachment":[{"href":"https:\/\/www.translationary.com\/es\/wp-json\/wp\/v2\/media?parent=7397"}],"curies":[{"name":"wp","href":"https:\/\/api.w.org\/{rel}","templated":true}]}}