{"id":7394,"date":"2025-02-05T04:49:53","date_gmt":"2025-02-05T04:49:53","guid":{"rendered":"https:\/\/translationary.com\/document-translation\/"},"modified":"2025-10-21T09:31:50","modified_gmt":"2025-10-21T09:31:50","slug":"document-translation","status":"publish","type":"page","link":"https:\/\/www.translationary.com\/es\/services\/translation\/document-translation\/","title":{"rendered":"Traducci\u00f3n de documentos"},"content":{"rendered":"","protected":false},"excerpt":{"rendered":"<p>La traducci\u00f3n de documentos es fundamental en los negocios internacionales, los asuntos legales, la investigaci\u00f3n acad\u00e9mica y la correspondencia personal. Ya sea para expandirte hacia nuevos mercados o para traducir contratos, la traducci\u00f3n profesional de documentos garantiza que tu mensaje se transmita con precisi\u00f3n.<\/p>\n","protected":false},"author":5,"featured_media":4771,"parent":7396,"menu_order":1,"comment_status":"closed","ping_status":"closed","template":"","meta":{"_acf_changed":false,"footnotes":""},"class_list":["post-7394","page","type-page","status-publish","has-post-thumbnail","hentry"],"acf":[],"yoast_head":"<!-- This site is optimized with the Yoast SEO plugin v27.3 - https:\/\/yoast.com\/product\/yoast-seo-wordpress\/ -->\n<title>Traducci\u00f3n de documentos - Translationary<\/title>\n<meta name=\"robots\" content=\"index, follow, max-snippet:-1, max-image-preview:large, max-video-preview:-1\" \/>\n<link rel=\"canonical\" href=\"https:\/\/www.translationary.com\/es\/services\/translation\/document-translation\/\" \/>\n<meta property=\"og:locale\" content=\"es_ES\" \/>\n<meta property=\"og:type\" content=\"article\" \/>\n<meta property=\"og:title\" content=\"Traducci\u00f3n de documentos - Translationary\" \/>\n<meta property=\"og:description\" content=\"La traducci\u00f3n de documentos es fundamental en los negocios internacionales, los asuntos legales, la investigaci\u00f3n acad\u00e9mica y la correspondencia personal. Ya sea para expandirte hacia nuevos mercados o para traducir contratos, la traducci\u00f3n profesional de documentos garantiza que tu mensaje se transmita con precisi\u00f3n.\" \/>\n<meta property=\"og:url\" content=\"https:\/\/www.translationary.com\/es\/services\/translation\/document-translation\/\" \/>\n<meta property=\"og:site_name\" content=\"Translationary\" \/>\n<meta property=\"article:modified_time\" content=\"2025-10-21T09:31:50+00:00\" \/>\n<meta property=\"og:image\" content=\"https:\/\/www.translationary.com\/wp-content\/uploads\/2025\/02\/Document-Translation.jpg\" \/>\n\t<meta property=\"og:image:width\" content=\"1328\" \/>\n\t<meta property=\"og:image:height\" content=\"668\" \/>\n\t<meta property=\"og:image:type\" content=\"image\/jpeg\" \/>\n<meta name=\"twitter:card\" content=\"summary_large_image\" \/>\n<meta name=\"twitter:label1\" content=\"Tiempo de lectura\" \/>\n\t<meta name=\"twitter:data1\" content=\"6 minutos\" \/>\n<script type=\"application\/ld+json\" class=\"yoast-schema-graph\">{\"@context\":\"https:\\\/\\\/schema.org\",\"@graph\":[{\"@type\":\"WebPage\",\"@id\":\"https:\\\/\\\/www.translationary.com\\\/es\\\/services\\\/translation\\\/document-translation\\\/\",\"url\":\"https:\\\/\\\/www.translationary.com\\\/es\\\/services\\\/translation\\\/document-translation\\\/\",\"name\":\"Traducci\u00f3n de documentos - Translationary\",\"isPartOf\":{\"@id\":\"https:\\\/\\\/www.translationary.com\\\/#website\"},\"primaryImageOfPage\":{\"@id\":\"https:\\\/\\\/www.translationary.com\\\/es\\\/services\\\/translation\\\/document-translation\\\/#primaryimage\"},\"image\":{\"@id\":\"https:\\\/\\\/www.translationary.com\\\/es\\\/services\\\/translation\\\/document-translation\\\/#primaryimage\"},\"thumbnailUrl\":\"https:\\\/\\\/www.translationary.com\\\/wp-content\\\/uploads\\\/2025\\\/02\\\/Document-Translation.jpg\",\"datePublished\":\"2025-02-05T04:49:53+00:00\",\"dateModified\":\"2025-10-21T09:31:50+00:00\",\"breadcrumb\":{\"@id\":\"https:\\\/\\\/www.translationary.com\\\/es\\\/services\\\/translation\\\/document-translation\\\/#breadcrumb\"},\"inLanguage\":\"es\",\"potentialAction\":[{\"@type\":\"ReadAction\",\"target\":[\"https:\\\/\\\/www.translationary.com\\\/es\\\/services\\\/translation\\\/document-translation\\\/\"]}]},{\"@type\":\"ImageObject\",\"inLanguage\":\"es\",\"@id\":\"https:\\\/\\\/www.translationary.com\\\/es\\\/services\\\/translation\\\/document-translation\\\/#primaryimage\",\"url\":\"https:\\\/\\\/www.translationary.com\\\/wp-content\\\/uploads\\\/2025\\\/02\\\/Document-Translation.jpg\",\"contentUrl\":\"https:\\\/\\\/www.translationary.com\\\/wp-content\\\/uploads\\\/2025\\\/02\\\/Document-Translation.jpg\",\"width\":1328,\"height\":668},{\"@type\":\"BreadcrumbList\",\"@id\":\"https:\\\/\\\/www.translationary.com\\\/es\\\/services\\\/translation\\\/document-translation\\\/#breadcrumb\",\"itemListElement\":[{\"@type\":\"ListItem\",\"position\":1,\"name\":\"Home\",\"item\":\"https:\\\/\\\/www.translationary.com\\\/es\\\/\"},{\"@type\":\"ListItem\",\"position\":2,\"name\":\"Servicios\",\"item\":\"https:\\\/\\\/www.translationary.com\\\/es\\\/services\\\/\"},{\"@type\":\"ListItem\",\"position\":3,\"name\":\"Traducci\u00f3n\",\"item\":\"https:\\\/\\\/www.translationary.com\\\/es\\\/services\\\/translation\\\/\"},{\"@type\":\"ListItem\",\"position\":4,\"name\":\"Traducci\u00f3n de documentos\"}]},{\"@type\":\"WebSite\",\"@id\":\"https:\\\/\\\/www.translationary.com\\\/#website\",\"url\":\"https:\\\/\\\/www.translationary.com\\\/\",\"name\":\"Translationary\",\"description\":\"\",\"potentialAction\":[{\"@type\":\"SearchAction\",\"target\":{\"@type\":\"EntryPoint\",\"urlTemplate\":\"https:\\\/\\\/www.translationary.com\\\/?s={search_term_string}\"},\"query-input\":{\"@type\":\"PropertyValueSpecification\",\"valueRequired\":true,\"valueName\":\"search_term_string\"}}],\"inLanguage\":\"es\"}]}<\/script>\n<!-- \/ Yoast SEO plugin. -->","yoast_head_json":{"title":"Traducci\u00f3n de documentos - Translationary","robots":{"index":"index","follow":"follow","max-snippet":"max-snippet:-1","max-image-preview":"max-image-preview:large","max-video-preview":"max-video-preview:-1"},"canonical":"https:\/\/www.translationary.com\/es\/services\/translation\/document-translation\/","og_locale":"es_ES","og_type":"article","og_title":"Traducci\u00f3n de documentos - Translationary","og_description":"La traducci\u00f3n de documentos es fundamental en los negocios internacionales, los asuntos legales, la investigaci\u00f3n acad\u00e9mica y la correspondencia personal. Ya sea para expandirte hacia nuevos mercados o para traducir contratos, la traducci\u00f3n profesional de documentos garantiza que tu mensaje se transmita con precisi\u00f3n.","og_url":"https:\/\/www.translationary.com\/es\/services\/translation\/document-translation\/","og_site_name":"Translationary","article_modified_time":"2025-10-21T09:31:50+00:00","og_image":[{"width":1328,"height":668,"url":"https:\/\/www.translationary.com\/wp-content\/uploads\/2025\/02\/Document-Translation.jpg","type":"image\/jpeg"}],"twitter_card":"summary_large_image","twitter_misc":{"Tiempo de lectura":"6 minutos"},"schema":{"@context":"https:\/\/schema.org","@graph":[{"@type":"WebPage","@id":"https:\/\/www.translationary.com\/es\/services\/translation\/document-translation\/","url":"https:\/\/www.translationary.com\/es\/services\/translation\/document-translation\/","name":"Traducci\u00f3n de documentos - Translationary","isPartOf":{"@id":"https:\/\/www.translationary.com\/#website"},"primaryImageOfPage":{"@id":"https:\/\/www.translationary.com\/es\/services\/translation\/document-translation\/#primaryimage"},"image":{"@id":"https:\/\/www.translationary.com\/es\/services\/translation\/document-translation\/#primaryimage"},"thumbnailUrl":"https:\/\/www.translationary.com\/wp-content\/uploads\/2025\/02\/Document-Translation.jpg","datePublished":"2025-02-05T04:49:53+00:00","dateModified":"2025-10-21T09:31:50+00:00","breadcrumb":{"@id":"https:\/\/www.translationary.com\/es\/services\/translation\/document-translation\/#breadcrumb"},"inLanguage":"es","potentialAction":[{"@type":"ReadAction","target":["https:\/\/www.translationary.com\/es\/services\/translation\/document-translation\/"]}]},{"@type":"ImageObject","inLanguage":"es","@id":"https:\/\/www.translationary.com\/es\/services\/translation\/document-translation\/#primaryimage","url":"https:\/\/www.translationary.com\/wp-content\/uploads\/2025\/02\/Document-Translation.jpg","contentUrl":"https:\/\/www.translationary.com\/wp-content\/uploads\/2025\/02\/Document-Translation.jpg","width":1328,"height":668},{"@type":"BreadcrumbList","@id":"https:\/\/www.translationary.com\/es\/services\/translation\/document-translation\/#breadcrumb","itemListElement":[{"@type":"ListItem","position":1,"name":"Home","item":"https:\/\/www.translationary.com\/es\/"},{"@type":"ListItem","position":2,"name":"Servicios","item":"https:\/\/www.translationary.com\/es\/services\/"},{"@type":"ListItem","position":3,"name":"Traducci\u00f3n","item":"https:\/\/www.translationary.com\/es\/services\/translation\/"},{"@type":"ListItem","position":4,"name":"Traducci\u00f3n de documentos"}]},{"@type":"WebSite","@id":"https:\/\/www.translationary.com\/#website","url":"https:\/\/www.translationary.com\/","name":"Translationary","description":"","potentialAction":[{"@type":"SearchAction","target":{"@type":"EntryPoint","urlTemplate":"https:\/\/www.translationary.com\/?s={search_term_string}"},"query-input":{"@type":"PropertyValueSpecification","valueRequired":true,"valueName":"search_term_string"}}],"inLanguage":"es"}]}},"_links":{"self":[{"href":"https:\/\/www.translationary.com\/es\/wp-json\/wp\/v2\/pages\/7394","targetHints":{"allow":["GET"]}}],"collection":[{"href":"https:\/\/www.translationary.com\/es\/wp-json\/wp\/v2\/pages"}],"about":[{"href":"https:\/\/www.translationary.com\/es\/wp-json\/wp\/v2\/types\/page"}],"author":[{"embeddable":true,"href":"https:\/\/www.translationary.com\/es\/wp-json\/wp\/v2\/users\/5"}],"replies":[{"embeddable":true,"href":"https:\/\/www.translationary.com\/es\/wp-json\/wp\/v2\/comments?post=7394"}],"version-history":[{"count":74,"href":"https:\/\/www.translationary.com\/es\/wp-json\/wp\/v2\/pages\/7394\/revisions"}],"predecessor-version":[{"id":13050,"href":"https:\/\/www.translationary.com\/es\/wp-json\/wp\/v2\/pages\/7394\/revisions\/13050"}],"up":[{"embeddable":true,"href":"https:\/\/www.translationary.com\/es\/wp-json\/wp\/v2\/pages\/7396"}],"wp:featuredmedia":[{"embeddable":true,"href":"https:\/\/www.translationary.com\/es\/wp-json\/wp\/v2\/media\/4771"}],"wp:attachment":[{"href":"https:\/\/www.translationary.com\/es\/wp-json\/wp\/v2\/media?parent=7394"}],"curies":[{"name":"wp","href":"https:\/\/api.w.org\/{rel}","templated":true}]}}