{"id":7392,"date":"2025-02-05T04:50:46","date_gmt":"2025-02-05T04:50:46","guid":{"rendered":"https:\/\/translationary.com\/multilingual-copywriting\/"},"modified":"2025-10-20T14:41:24","modified_gmt":"2025-10-20T14:41:24","slug":"multilingual-copywriting","status":"publish","type":"page","link":"https:\/\/www.translationary.com\/es\/services\/translation\/multilingual-copywriting\/","title":{"rendered":"Redacci\u00f3n de textos multiling\u00fce"},"content":{"rendered":"","protected":false},"excerpt":{"rendered":"<p>En la redacci\u00f3n de textos multiling\u00fce se elabora contenido atractivo adaptado a distintos p\u00fablicos. Al combinar el conocimiento cultural con la experiencia ling\u00fc\u00edstica, ayuda a las marcas a comunicar su mensaje de manera eficaz y a captar clientes en todo el mundo.<\/p>\n","protected":false},"author":5,"featured_media":4773,"parent":7396,"menu_order":3,"comment_status":"closed","ping_status":"closed","template":"","meta":{"_acf_changed":false,"footnotes":""},"class_list":["post-7392","page","type-page","status-publish","has-post-thumbnail","hentry"],"acf":[],"yoast_head":"<!-- This site is optimized with the Yoast SEO plugin v27.3 - https:\/\/yoast.com\/product\/yoast-seo-wordpress\/ -->\n<title>Redacci\u00f3n de textos multiling\u00fce - Translationary<\/title>\n<meta name=\"robots\" content=\"index, follow, max-snippet:-1, max-image-preview:large, max-video-preview:-1\" \/>\n<link rel=\"canonical\" href=\"https:\/\/www.translationary.com\/es\/services\/translation\/multilingual-copywriting\/\" \/>\n<meta property=\"og:locale\" content=\"es_ES\" \/>\n<meta property=\"og:type\" content=\"article\" \/>\n<meta property=\"og:title\" content=\"Redacci\u00f3n de textos multiling\u00fce - Translationary\" \/>\n<meta property=\"og:description\" content=\"En la redacci\u00f3n de textos multiling\u00fce se elabora contenido atractivo adaptado a distintos p\u00fablicos. Al combinar el conocimiento cultural con la experiencia ling\u00fc\u00edstica, ayuda a las marcas a comunicar su mensaje de manera eficaz y a captar clientes en todo el mundo.\" \/>\n<meta property=\"og:url\" content=\"https:\/\/www.translationary.com\/es\/services\/translation\/multilingual-copywriting\/\" \/>\n<meta property=\"og:site_name\" content=\"Translationary\" \/>\n<meta property=\"article:modified_time\" content=\"2025-10-20T14:41:24+00:00\" \/>\n<meta property=\"og:image\" content=\"https:\/\/www.translationary.com\/wp-content\/uploads\/2025\/02\/Multilingual-Copywriting.jpg\" \/>\n\t<meta property=\"og:image:width\" content=\"1328\" \/>\n\t<meta property=\"og:image:height\" content=\"668\" \/>\n\t<meta property=\"og:image:type\" content=\"image\/jpeg\" \/>\n<meta name=\"twitter:card\" content=\"summary_large_image\" \/>\n<meta name=\"twitter:label1\" content=\"Tiempo de lectura\" \/>\n\t<meta name=\"twitter:data1\" content=\"6 minutos\" \/>\n<script type=\"application\/ld+json\" class=\"yoast-schema-graph\">{\"@context\":\"https:\\\/\\\/schema.org\",\"@graph\":[{\"@type\":\"WebPage\",\"@id\":\"https:\\\/\\\/www.translationary.com\\\/es\\\/services\\\/translation\\\/multilingual-copywriting\\\/\",\"url\":\"https:\\\/\\\/www.translationary.com\\\/es\\\/services\\\/translation\\\/multilingual-copywriting\\\/\",\"name\":\"Redacci\u00f3n de textos multiling\u00fce - Translationary\",\"isPartOf\":{\"@id\":\"https:\\\/\\\/www.translationary.com\\\/#website\"},\"primaryImageOfPage\":{\"@id\":\"https:\\\/\\\/www.translationary.com\\\/es\\\/services\\\/translation\\\/multilingual-copywriting\\\/#primaryimage\"},\"image\":{\"@id\":\"https:\\\/\\\/www.translationary.com\\\/es\\\/services\\\/translation\\\/multilingual-copywriting\\\/#primaryimage\"},\"thumbnailUrl\":\"https:\\\/\\\/www.translationary.com\\\/wp-content\\\/uploads\\\/2025\\\/02\\\/Multilingual-Copywriting.jpg\",\"datePublished\":\"2025-02-05T04:50:46+00:00\",\"dateModified\":\"2025-10-20T14:41:24+00:00\",\"breadcrumb\":{\"@id\":\"https:\\\/\\\/www.translationary.com\\\/es\\\/services\\\/translation\\\/multilingual-copywriting\\\/#breadcrumb\"},\"inLanguage\":\"es\",\"potentialAction\":[{\"@type\":\"ReadAction\",\"target\":[\"https:\\\/\\\/www.translationary.com\\\/es\\\/services\\\/translation\\\/multilingual-copywriting\\\/\"]}]},{\"@type\":\"ImageObject\",\"inLanguage\":\"es\",\"@id\":\"https:\\\/\\\/www.translationary.com\\\/es\\\/services\\\/translation\\\/multilingual-copywriting\\\/#primaryimage\",\"url\":\"https:\\\/\\\/www.translationary.com\\\/wp-content\\\/uploads\\\/2025\\\/02\\\/Multilingual-Copywriting.jpg\",\"contentUrl\":\"https:\\\/\\\/www.translationary.com\\\/wp-content\\\/uploads\\\/2025\\\/02\\\/Multilingual-Copywriting.jpg\",\"width\":1328,\"height\":668},{\"@type\":\"BreadcrumbList\",\"@id\":\"https:\\\/\\\/www.translationary.com\\\/es\\\/services\\\/translation\\\/multilingual-copywriting\\\/#breadcrumb\",\"itemListElement\":[{\"@type\":\"ListItem\",\"position\":1,\"name\":\"Home\",\"item\":\"https:\\\/\\\/www.translationary.com\\\/es\\\/\"},{\"@type\":\"ListItem\",\"position\":2,\"name\":\"Servicios\",\"item\":\"https:\\\/\\\/www.translationary.com\\\/es\\\/services\\\/\"},{\"@type\":\"ListItem\",\"position\":3,\"name\":\"Traducci\u00f3n\",\"item\":\"https:\\\/\\\/www.translationary.com\\\/es\\\/services\\\/translation\\\/\"},{\"@type\":\"ListItem\",\"position\":4,\"name\":\"Redacci\u00f3n de textos multiling\u00fce\"}]},{\"@type\":\"WebSite\",\"@id\":\"https:\\\/\\\/www.translationary.com\\\/#website\",\"url\":\"https:\\\/\\\/www.translationary.com\\\/\",\"name\":\"Translationary\",\"description\":\"\",\"potentialAction\":[{\"@type\":\"SearchAction\",\"target\":{\"@type\":\"EntryPoint\",\"urlTemplate\":\"https:\\\/\\\/www.translationary.com\\\/?s={search_term_string}\"},\"query-input\":{\"@type\":\"PropertyValueSpecification\",\"valueRequired\":true,\"valueName\":\"search_term_string\"}}],\"inLanguage\":\"es\"}]}<\/script>\n<!-- \/ Yoast SEO plugin. -->","yoast_head_json":{"title":"Redacci\u00f3n de textos multiling\u00fce - Translationary","robots":{"index":"index","follow":"follow","max-snippet":"max-snippet:-1","max-image-preview":"max-image-preview:large","max-video-preview":"max-video-preview:-1"},"canonical":"https:\/\/www.translationary.com\/es\/services\/translation\/multilingual-copywriting\/","og_locale":"es_ES","og_type":"article","og_title":"Redacci\u00f3n de textos multiling\u00fce - Translationary","og_description":"En la redacci\u00f3n de textos multiling\u00fce se elabora contenido atractivo adaptado a distintos p\u00fablicos. Al combinar el conocimiento cultural con la experiencia ling\u00fc\u00edstica, ayuda a las marcas a comunicar su mensaje de manera eficaz y a captar clientes en todo el mundo.","og_url":"https:\/\/www.translationary.com\/es\/services\/translation\/multilingual-copywriting\/","og_site_name":"Translationary","article_modified_time":"2025-10-20T14:41:24+00:00","og_image":[{"width":1328,"height":668,"url":"https:\/\/www.translationary.com\/wp-content\/uploads\/2025\/02\/Multilingual-Copywriting.jpg","type":"image\/jpeg"}],"twitter_card":"summary_large_image","twitter_misc":{"Tiempo de lectura":"6 minutos"},"schema":{"@context":"https:\/\/schema.org","@graph":[{"@type":"WebPage","@id":"https:\/\/www.translationary.com\/es\/services\/translation\/multilingual-copywriting\/","url":"https:\/\/www.translationary.com\/es\/services\/translation\/multilingual-copywriting\/","name":"Redacci\u00f3n de textos multiling\u00fce - Translationary","isPartOf":{"@id":"https:\/\/www.translationary.com\/#website"},"primaryImageOfPage":{"@id":"https:\/\/www.translationary.com\/es\/services\/translation\/multilingual-copywriting\/#primaryimage"},"image":{"@id":"https:\/\/www.translationary.com\/es\/services\/translation\/multilingual-copywriting\/#primaryimage"},"thumbnailUrl":"https:\/\/www.translationary.com\/wp-content\/uploads\/2025\/02\/Multilingual-Copywriting.jpg","datePublished":"2025-02-05T04:50:46+00:00","dateModified":"2025-10-20T14:41:24+00:00","breadcrumb":{"@id":"https:\/\/www.translationary.com\/es\/services\/translation\/multilingual-copywriting\/#breadcrumb"},"inLanguage":"es","potentialAction":[{"@type":"ReadAction","target":["https:\/\/www.translationary.com\/es\/services\/translation\/multilingual-copywriting\/"]}]},{"@type":"ImageObject","inLanguage":"es","@id":"https:\/\/www.translationary.com\/es\/services\/translation\/multilingual-copywriting\/#primaryimage","url":"https:\/\/www.translationary.com\/wp-content\/uploads\/2025\/02\/Multilingual-Copywriting.jpg","contentUrl":"https:\/\/www.translationary.com\/wp-content\/uploads\/2025\/02\/Multilingual-Copywriting.jpg","width":1328,"height":668},{"@type":"BreadcrumbList","@id":"https:\/\/www.translationary.com\/es\/services\/translation\/multilingual-copywriting\/#breadcrumb","itemListElement":[{"@type":"ListItem","position":1,"name":"Home","item":"https:\/\/www.translationary.com\/es\/"},{"@type":"ListItem","position":2,"name":"Servicios","item":"https:\/\/www.translationary.com\/es\/services\/"},{"@type":"ListItem","position":3,"name":"Traducci\u00f3n","item":"https:\/\/www.translationary.com\/es\/services\/translation\/"},{"@type":"ListItem","position":4,"name":"Redacci\u00f3n de textos multiling\u00fce"}]},{"@type":"WebSite","@id":"https:\/\/www.translationary.com\/#website","url":"https:\/\/www.translationary.com\/","name":"Translationary","description":"","potentialAction":[{"@type":"SearchAction","target":{"@type":"EntryPoint","urlTemplate":"https:\/\/www.translationary.com\/?s={search_term_string}"},"query-input":{"@type":"PropertyValueSpecification","valueRequired":true,"valueName":"search_term_string"}}],"inLanguage":"es"}]}},"_links":{"self":[{"href":"https:\/\/www.translationary.com\/es\/wp-json\/wp\/v2\/pages\/7392","targetHints":{"allow":["GET"]}}],"collection":[{"href":"https:\/\/www.translationary.com\/es\/wp-json\/wp\/v2\/pages"}],"about":[{"href":"https:\/\/www.translationary.com\/es\/wp-json\/wp\/v2\/types\/page"}],"author":[{"embeddable":true,"href":"https:\/\/www.translationary.com\/es\/wp-json\/wp\/v2\/users\/5"}],"replies":[{"embeddable":true,"href":"https:\/\/www.translationary.com\/es\/wp-json\/wp\/v2\/comments?post=7392"}],"version-history":[{"count":44,"href":"https:\/\/www.translationary.com\/es\/wp-json\/wp\/v2\/pages\/7392\/revisions"}],"predecessor-version":[{"id":13042,"href":"https:\/\/www.translationary.com\/es\/wp-json\/wp\/v2\/pages\/7392\/revisions\/13042"}],"up":[{"embeddable":true,"href":"https:\/\/www.translationary.com\/es\/wp-json\/wp\/v2\/pages\/7396"}],"wp:featuredmedia":[{"embeddable":true,"href":"https:\/\/www.translationary.com\/es\/wp-json\/wp\/v2\/media\/4773"}],"wp:attachment":[{"href":"https:\/\/www.translationary.com\/es\/wp-json\/wp\/v2\/media?parent=7392"}],"curies":[{"name":"wp","href":"https:\/\/api.w.org\/{rel}","templated":true}]}}