{"id":7372,"date":"2025-02-06T04:46:56","date_gmt":"2025-02-06T04:46:56","guid":{"rendered":"https:\/\/translationary.com\/multimedia-localization\/"},"modified":"2025-10-21T09:34:11","modified_gmt":"2025-10-21T09:34:11","slug":"multimedia-localization","status":"publish","type":"page","link":"https:\/\/www.translationary.com\/es\/services\/localization\/multimedia-localization\/","title":{"rendered":"Localizaci\u00f3n multimedia"},"content":{"rendered":"","protected":false},"excerpt":{"rendered":"<p>Nuestro equipo trabaja con dedicaci\u00f3n y se especializa en la localizaci\u00f3n multimedia para asegurarse de que tu contenido audiovisual resulte adecuado para los espectadores de todo el mundo. Adaptamos todo, desde guiones hasta subt\u00edtulos, para reflejar la cultura y el contexto de tu mercado objetivo.<\/p>\n","protected":false},"author":5,"featured_media":4779,"parent":7395,"menu_order":5,"comment_status":"closed","ping_status":"closed","template":"","meta":{"_acf_changed":false,"footnotes":""},"class_list":["post-7372","page","type-page","status-publish","has-post-thumbnail","hentry"],"acf":[],"yoast_head":"<!-- This site is optimized with the Yoast SEO plugin v27.3 - https:\/\/yoast.com\/product\/yoast-seo-wordpress\/ -->\n<title>Localizaci\u00f3n multimedia - Translationary<\/title>\n<meta name=\"robots\" content=\"index, follow, max-snippet:-1, max-image-preview:large, max-video-preview:-1\" \/>\n<link rel=\"canonical\" href=\"https:\/\/www.translationary.com\/es\/services\/localization\/multimedia-localization\/\" \/>\n<meta property=\"og:locale\" content=\"es_ES\" \/>\n<meta property=\"og:type\" content=\"article\" \/>\n<meta property=\"og:title\" content=\"Localizaci\u00f3n multimedia - Translationary\" \/>\n<meta property=\"og:description\" content=\"Nuestro equipo trabaja con dedicaci\u00f3n y se especializa en la localizaci\u00f3n multimedia para asegurarse de que tu contenido audiovisual resulte adecuado para los espectadores de todo el mundo. Adaptamos todo, desde guiones hasta subt\u00edtulos, para reflejar la cultura y el contexto de tu mercado objetivo.\" \/>\n<meta property=\"og:url\" content=\"https:\/\/www.translationary.com\/es\/services\/localization\/multimedia-localization\/\" \/>\n<meta property=\"og:site_name\" content=\"Translationary\" \/>\n<meta property=\"article:modified_time\" content=\"2025-10-21T09:34:11+00:00\" \/>\n<meta property=\"og:image\" content=\"https:\/\/www.translationary.com\/wp-content\/uploads\/2025\/02\/Multimedia-Localization.jpg\" \/>\n\t<meta property=\"og:image:width\" content=\"1328\" \/>\n\t<meta property=\"og:image:height\" content=\"668\" \/>\n\t<meta property=\"og:image:type\" content=\"image\/jpeg\" \/>\n<meta name=\"twitter:card\" content=\"summary_large_image\" \/>\n<meta name=\"twitter:label1\" content=\"Tiempo de lectura\" \/>\n\t<meta name=\"twitter:data1\" content=\"6 minutos\" \/>\n<script type=\"application\/ld+json\" class=\"yoast-schema-graph\">{\"@context\":\"https:\\\/\\\/schema.org\",\"@graph\":[{\"@type\":\"WebPage\",\"@id\":\"https:\\\/\\\/www.translationary.com\\\/es\\\/services\\\/localization\\\/multimedia-localization\\\/\",\"url\":\"https:\\\/\\\/www.translationary.com\\\/es\\\/services\\\/localization\\\/multimedia-localization\\\/\",\"name\":\"Localizaci\u00f3n multimedia - Translationary\",\"isPartOf\":{\"@id\":\"https:\\\/\\\/www.translationary.com\\\/#website\"},\"primaryImageOfPage\":{\"@id\":\"https:\\\/\\\/www.translationary.com\\\/es\\\/services\\\/localization\\\/multimedia-localization\\\/#primaryimage\"},\"image\":{\"@id\":\"https:\\\/\\\/www.translationary.com\\\/es\\\/services\\\/localization\\\/multimedia-localization\\\/#primaryimage\"},\"thumbnailUrl\":\"https:\\\/\\\/www.translationary.com\\\/wp-content\\\/uploads\\\/2025\\\/02\\\/Multimedia-Localization.jpg\",\"datePublished\":\"2025-02-06T04:46:56+00:00\",\"dateModified\":\"2025-10-21T09:34:11+00:00\",\"breadcrumb\":{\"@id\":\"https:\\\/\\\/www.translationary.com\\\/es\\\/services\\\/localization\\\/multimedia-localization\\\/#breadcrumb\"},\"inLanguage\":\"es\",\"potentialAction\":[{\"@type\":\"ReadAction\",\"target\":[\"https:\\\/\\\/www.translationary.com\\\/es\\\/services\\\/localization\\\/multimedia-localization\\\/\"]}]},{\"@type\":\"ImageObject\",\"inLanguage\":\"es\",\"@id\":\"https:\\\/\\\/www.translationary.com\\\/es\\\/services\\\/localization\\\/multimedia-localization\\\/#primaryimage\",\"url\":\"https:\\\/\\\/www.translationary.com\\\/wp-content\\\/uploads\\\/2025\\\/02\\\/Multimedia-Localization.jpg\",\"contentUrl\":\"https:\\\/\\\/www.translationary.com\\\/wp-content\\\/uploads\\\/2025\\\/02\\\/Multimedia-Localization.jpg\",\"width\":1328,\"height\":668},{\"@type\":\"BreadcrumbList\",\"@id\":\"https:\\\/\\\/www.translationary.com\\\/es\\\/services\\\/localization\\\/multimedia-localization\\\/#breadcrumb\",\"itemListElement\":[{\"@type\":\"ListItem\",\"position\":1,\"name\":\"Home\",\"item\":\"https:\\\/\\\/www.translationary.com\\\/es\\\/\"},{\"@type\":\"ListItem\",\"position\":2,\"name\":\"Servicios\",\"item\":\"https:\\\/\\\/www.translationary.com\\\/es\\\/services\\\/\"},{\"@type\":\"ListItem\",\"position\":3,\"name\":\"Localizaci\u00f3n\",\"item\":\"https:\\\/\\\/www.translationary.com\\\/es\\\/services\\\/localization\\\/\"},{\"@type\":\"ListItem\",\"position\":4,\"name\":\"Localizaci\u00f3n multimedia\"}]},{\"@type\":\"WebSite\",\"@id\":\"https:\\\/\\\/www.translationary.com\\\/#website\",\"url\":\"https:\\\/\\\/www.translationary.com\\\/\",\"name\":\"Translationary\",\"description\":\"\",\"potentialAction\":[{\"@type\":\"SearchAction\",\"target\":{\"@type\":\"EntryPoint\",\"urlTemplate\":\"https:\\\/\\\/www.translationary.com\\\/?s={search_term_string}\"},\"query-input\":{\"@type\":\"PropertyValueSpecification\",\"valueRequired\":true,\"valueName\":\"search_term_string\"}}],\"inLanguage\":\"es\"}]}<\/script>\n<!-- \/ Yoast SEO plugin. -->","yoast_head_json":{"title":"Localizaci\u00f3n multimedia - Translationary","robots":{"index":"index","follow":"follow","max-snippet":"max-snippet:-1","max-image-preview":"max-image-preview:large","max-video-preview":"max-video-preview:-1"},"canonical":"https:\/\/www.translationary.com\/es\/services\/localization\/multimedia-localization\/","og_locale":"es_ES","og_type":"article","og_title":"Localizaci\u00f3n multimedia - Translationary","og_description":"Nuestro equipo trabaja con dedicaci\u00f3n y se especializa en la localizaci\u00f3n multimedia para asegurarse de que tu contenido audiovisual resulte adecuado para los espectadores de todo el mundo. Adaptamos todo, desde guiones hasta subt\u00edtulos, para reflejar la cultura y el contexto de tu mercado objetivo.","og_url":"https:\/\/www.translationary.com\/es\/services\/localization\/multimedia-localization\/","og_site_name":"Translationary","article_modified_time":"2025-10-21T09:34:11+00:00","og_image":[{"width":1328,"height":668,"url":"https:\/\/www.translationary.com\/wp-content\/uploads\/2025\/02\/Multimedia-Localization.jpg","type":"image\/jpeg"}],"twitter_card":"summary_large_image","twitter_misc":{"Tiempo de lectura":"6 minutos"},"schema":{"@context":"https:\/\/schema.org","@graph":[{"@type":"WebPage","@id":"https:\/\/www.translationary.com\/es\/services\/localization\/multimedia-localization\/","url":"https:\/\/www.translationary.com\/es\/services\/localization\/multimedia-localization\/","name":"Localizaci\u00f3n multimedia - Translationary","isPartOf":{"@id":"https:\/\/www.translationary.com\/#website"},"primaryImageOfPage":{"@id":"https:\/\/www.translationary.com\/es\/services\/localization\/multimedia-localization\/#primaryimage"},"image":{"@id":"https:\/\/www.translationary.com\/es\/services\/localization\/multimedia-localization\/#primaryimage"},"thumbnailUrl":"https:\/\/www.translationary.com\/wp-content\/uploads\/2025\/02\/Multimedia-Localization.jpg","datePublished":"2025-02-06T04:46:56+00:00","dateModified":"2025-10-21T09:34:11+00:00","breadcrumb":{"@id":"https:\/\/www.translationary.com\/es\/services\/localization\/multimedia-localization\/#breadcrumb"},"inLanguage":"es","potentialAction":[{"@type":"ReadAction","target":["https:\/\/www.translationary.com\/es\/services\/localization\/multimedia-localization\/"]}]},{"@type":"ImageObject","inLanguage":"es","@id":"https:\/\/www.translationary.com\/es\/services\/localization\/multimedia-localization\/#primaryimage","url":"https:\/\/www.translationary.com\/wp-content\/uploads\/2025\/02\/Multimedia-Localization.jpg","contentUrl":"https:\/\/www.translationary.com\/wp-content\/uploads\/2025\/02\/Multimedia-Localization.jpg","width":1328,"height":668},{"@type":"BreadcrumbList","@id":"https:\/\/www.translationary.com\/es\/services\/localization\/multimedia-localization\/#breadcrumb","itemListElement":[{"@type":"ListItem","position":1,"name":"Home","item":"https:\/\/www.translationary.com\/es\/"},{"@type":"ListItem","position":2,"name":"Servicios","item":"https:\/\/www.translationary.com\/es\/services\/"},{"@type":"ListItem","position":3,"name":"Localizaci\u00f3n","item":"https:\/\/www.translationary.com\/es\/services\/localization\/"},{"@type":"ListItem","position":4,"name":"Localizaci\u00f3n multimedia"}]},{"@type":"WebSite","@id":"https:\/\/www.translationary.com\/#website","url":"https:\/\/www.translationary.com\/","name":"Translationary","description":"","potentialAction":[{"@type":"SearchAction","target":{"@type":"EntryPoint","urlTemplate":"https:\/\/www.translationary.com\/?s={search_term_string}"},"query-input":{"@type":"PropertyValueSpecification","valueRequired":true,"valueName":"search_term_string"}}],"inLanguage":"es"}]}},"_links":{"self":[{"href":"https:\/\/www.translationary.com\/es\/wp-json\/wp\/v2\/pages\/7372","targetHints":{"allow":["GET"]}}],"collection":[{"href":"https:\/\/www.translationary.com\/es\/wp-json\/wp\/v2\/pages"}],"about":[{"href":"https:\/\/www.translationary.com\/es\/wp-json\/wp\/v2\/types\/page"}],"author":[{"embeddable":true,"href":"https:\/\/www.translationary.com\/es\/wp-json\/wp\/v2\/users\/5"}],"replies":[{"embeddable":true,"href":"https:\/\/www.translationary.com\/es\/wp-json\/wp\/v2\/comments?post=7372"}],"version-history":[{"count":43,"href":"https:\/\/www.translationary.com\/es\/wp-json\/wp\/v2\/pages\/7372\/revisions"}],"predecessor-version":[{"id":13053,"href":"https:\/\/www.translationary.com\/es\/wp-json\/wp\/v2\/pages\/7372\/revisions\/13053"}],"up":[{"embeddable":true,"href":"https:\/\/www.translationary.com\/es\/wp-json\/wp\/v2\/pages\/7395"}],"wp:featuredmedia":[{"embeddable":true,"href":"https:\/\/www.translationary.com\/es\/wp-json\/wp\/v2\/media\/4779"}],"wp:attachment":[{"href":"https:\/\/www.translationary.com\/es\/wp-json\/wp\/v2\/media?parent=7372"}],"curies":[{"name":"wp","href":"https:\/\/api.w.org\/{rel}","templated":true}]}}